{"id":1622,"date":"2025-03-24T13:43:20","date_gmt":"2025-03-24T13:43:20","guid":{"rendered":"https:\/\/lesamisbelges.be\/declaration-de-confidentialite\/"},"modified":"2025-04-28T15:15:18","modified_gmt":"2025-04-28T15:15:18","slug":"declaration-de-confidentialite","status":"publish","type":"page","link":"https:\/\/lesamisbelges.be\/fr\/declaration-de-confidentialite\/","title":{"rendered":"D\u00e9claration de confidentialit\u00e9"},"content":{"rendered":"\t\t<div data-elementor-type=\"wp-page\" data-elementor-id=\"1622\" class=\"elementor elementor-1622 elementor-1254\" data-elementor-post-type=\"page\">\n\t\t\t\t<div class=\"elementor-element elementor-element-d0a28f4 e-flex e-con-boxed e-con e-parent\" data-id=\"d0a28f4\" data-element_type=\"container\" data-e-type=\"container\">\n\t\t\t\t\t<div class=\"e-con-inner\">\n\t\t\t\t<div class=\"elementor-element elementor-element-e0f3279 elementor-widget elementor-widget-heading\" data-id=\"e0f3279\" data-element_type=\"widget\" data-e-type=\"widget\" data-widget_type=\"heading.default\">\n\t\t\t\t<div class=\"elementor-widget-container\">\n\t\t\t\t\t<h1 class=\"elementor-heading-title elementor-size-default\">D\u00e9claration de confidentialit\u00e9<\/h1>\t\t\t\t<\/div>\n\t\t\t\t<\/div>\n\t\t\t\t<div class=\"elementor-element elementor-element-4efe387 elementor-widget elementor-widget-text-editor\" data-id=\"4efe387\" data-element_type=\"widget\" data-e-type=\"widget\" data-widget_type=\"text-editor.default\">\n\t\t\t\t<div class=\"elementor-widget-container\">\n\t\t\t\t\t\t\t\t\t<p class=\"p1\"><b>Qui sommes-nous ?<\/b><\/p><p class=\"p2\">Nous sommes <b>Les Amis Belges<\/b>, bas\u00e9s \u00e0 Rue de Barriou 4, 26110 Vinsobres (France). Cette maison de vacances est g\u00e9r\u00e9e par D-projects, Koekoekstraat 27, 1755 Gooik &#8211; Pajottegem, Belgique. Nous sommes inscrits au registre du commerce de la Chambre de Commerce sous le num\u00e9ro d&rsquo;entreprise BE0811122017. Dans le cadre de nos activit\u00e9s, nous collectons\/d\u00e9tenons, fournissons et\/ou traitons vos donn\u00e9es \u00e0 caract\u00e8re personnel. En vertu de la l\u00e9gislation applicable en mati\u00e8re de protection des donn\u00e9es et de la vie priv\u00e9e, nous sommes consid\u00e9r\u00e9s comme le responsable du traitement des donn\u00e9es \u00e0 caract\u00e8re personnel que nous traitons.    <\/p><p class=\"p1\"><b>Pourquoi collectons-nous vos donn\u00e9es ?<\/b><\/p><p class=\"p3\">Le traitement de vos donn\u00e9es \u00e0 caract\u00e8re personnel (c&rsquo;est-\u00e0-dire toute information sur la base de laquelle votre identit\u00e9 peut \u00eatre \u00e9tablie par des moyens raisonnables ; ci-apr\u00e8s \u00ab donn\u00e9es \u00e0 caract\u00e8re personnel \u00bb) est n\u00e9cessaire \u00e0 l&rsquo;ex\u00e9cution de nos obligations contractuelles conclues en votre nom et \u00e0 la fourniture de nos services, \u00e0 la protection de nos int\u00e9r\u00eats l\u00e9gitimes et au respect de nos obligations financi\u00e8res et l\u00e9gales.<\/p><p class=\"p3\">En utilisant le site, vous consentez \u00e0 la collecte, au stockage, \u00e0 l&rsquo;utilisation, \u00e0 la divulgation et \u00e0 toute autre utilisation de vos donn\u00e9es \u00e0 caract\u00e8re personnel, tels que d\u00e9crits dans la pr\u00e9sente d\u00e9claration de confidentialit\u00e9.<\/p><p class=\"p3\">Nous encourageons nos utilisateurs \u00e0 lire attentivement la d\u00e9claration de confidentialit\u00e9 et \u00e0 l&rsquo;utiliser pour prendre des d\u00e9cisions \u00e9clair\u00e9es.<\/p><p class=\"p1\"><b>Quelles sont les donn\u00e9es personnelles que nous collectons ?<\/b><\/p><p class=\"p3\">Nous collectons deux types de donn\u00e9es et d&rsquo;informations aupr\u00e8s des utilisateurs.<\/p><p class=\"p3\">Le premier type d&rsquo;informations est constitu\u00e9 d&rsquo;informations non identifi\u00e9es et non identifiables relatives \u00e0 un ou plusieurs utilisateurs, qui peuvent \u00eatre mises \u00e0 disposition ou collect\u00e9es par l&rsquo;interm\u00e9diaire du site (\u00ab donn\u00e9es non personnelles \u00bb). Nous ne connaissons pas l&rsquo;identit\u00e9 des utilisateurs dont les donn\u00e9es non personnelles ont \u00e9t\u00e9 collect\u00e9es. Les donn\u00e9es non personnelles collect\u00e9es peuvent inclure des donn\u00e9es agr\u00e9g\u00e9es sur votre utilisation et des donn\u00e9es techniques transmises par votre appareil, y compris certaines donn\u00e9es logicielles et mat\u00e9rielles (par exemple, le navigateur et le syst\u00e8me d&rsquo;exploitation utilis\u00e9s par votre appareil, vos pr\u00e9f\u00e9rences linguistiques, le temps d&rsquo;acc\u00e8s, etc. Nous pouvons \u00e9galement recueillir des informations sur vos activit\u00e9s sur le site (par exemple sur les pages que vous avez consult\u00e9es, votre comportement de navigation, les clics, les promotions, etc.)<\/p><p class=\"p3\">Le deuxi\u00e8me type d&rsquo;informations est constitu\u00e9 par les donn\u00e9es \u00e0 caract\u00e8re personnel. Il s&rsquo;agit d&rsquo;informations individuellement identifiables sur la base desquelles une personne peut \u00eatre retrouv\u00e9e, que ce soit ou non au prix d&rsquo;efforts raisonnables. Ce type d&rsquo;informations comprend:  <\/p><ul class=\"ul1\"><li class=\"li3\">Donn\u00e9es relatives \u00e0 l&rsquo;appareil : Nous collectons des donn\u00e9es personnelles \u00e0 partir de votre appareil. Ces donn\u00e9es peuvent inclure des donn\u00e9es de localisation, des adresses IP, des identifiants uniques (par exemple, l&rsquo;adresse MAC et l&rsquo;UUID) et d&rsquo;autres informations li\u00e9es \u00e0 vos activit\u00e9s sur le site. <\/li><li class=\"li2\">Le nom, le num\u00e9ro de t\u00e9l\u00e9phone et l&rsquo;adresse \u00e9lectronique sont collect\u00e9s pour vous contacter si n\u00e9cessaire.<\/li><\/ul><p class=\"p1\"><b>Combien de temps conservons-nous vos donn\u00e9es \u00e0 caract\u00e8re personnel ?<\/b><\/p><p class=\"p2\">Vos donn\u00e9es \u00e0 caract\u00e8re personnel ne sont pas conserv\u00e9es plus longtemps que n\u00e9cessaire au regard des finalit\u00e9s pour lesquelles nous les traitons. Nous ne conservons les donn\u00e9es \u00e0 caract\u00e8re personnel plus longtemps que lorsque la loi nous y oblige ou lorsque cela est n\u00e9cessaire pour sauvegarder nos int\u00e9r\u00eats dans le cadre d&rsquo;une proc\u00e9dure judiciaire (par exemple, en cas de litige). <\/p><p class=\"p1\"><b>Comment prot\u00e9geons-nous vos donn\u00e9es ?<\/b><\/p><p class=\"p3\">Nous mettons en \u0153uvre et maintenons la s\u00e9curit\u00e9 du site et de vos donn\u00e9es avec le plus grand soin. Bien que nous prenions toutes les mesures raisonnables pour prot\u00e9ger toutes les donn\u00e9es, nous ne pouvons \u00eatre tenus responsables des actions des personnes qui obtiennent un acc\u00e8s non autoris\u00e9 \u00e0 notre site ou qui l&rsquo;utilisent \u00e0 mauvais escient, et nous ne pouvons garantir, implicitement, explicitement ou autrement, que nous emp\u00eacherons un tel acc\u00e8s. <\/p><p class=\"p3\"><b>Transfert de donn\u00e9es en dehors de l&rsquo;EEE<\/b><\/p><p class=\"p9\">Veuillez noter que certains destinataires des donn\u00e9es sont situ\u00e9s en dehors de l&rsquo;EEE (Espace \u00e9conomique europ\u00e9en). Dans ce cas, nous ne partagerons vos donn\u00e9es qu&rsquo;avec des pays approuv\u00e9s par la Commission europ\u00e9enne comme offrant un niveau ad\u00e9quat de protection des donn\u00e9es ou concluant un accord juridique pour garantir un niveau ad\u00e9quat de protection des donn\u00e9es. <\/p><p class=\"p10\"><b>Publicit\u00e9<\/b><\/p><p class=\"p10\">Nous pouvons utiliser une technologie publicitaire tierce pour diffuser des annonces lorsque vous utilisez le site. Cette technologie utilise des informations sur votre utilisation des services pour vous proposer des publicit\u00e9s (par exemple, en pla\u00e7ant des cookies tiers dans votre navigateur web). <\/p><p class=\"p3\"><b>Marketing<\/b><\/p><p class=\"p2\">Nous pouvons utiliser vos donn\u00e9es personnelles, telles que votre nom, votre adresse \u00e9lectronique, votre num\u00e9ro de t\u00e9l\u00e9phone, etc., ou avec l&rsquo;aide de nos sous-traitants tiers, pour vous envoyer du mat\u00e9riel promotionnel sur nos services que nous pensons susceptibles de vous int\u00e9resser.<\/p><p class=\"p12\">Par respect pour votre droit \u00e0 la vie priv\u00e9e, nous vous offrons la possibilit\u00e9 d&rsquo;indiquer dans ces documents promotionnels que vous ne souhaitez plus recevoir d&rsquo;offres promotionnelles de notre part. Si vous vous d\u00e9sinscrivez, nous supprimerons votre adresse \u00e9lectronique ou votre num\u00e9ro de t\u00e9l\u00e9phone de notre liste de publicit\u00e9. <\/p><p class=\"p3\"><b>Transactions commerciales<\/b><\/p><p class=\"p2\">Nous pouvons partager des informations dans le cadre d&rsquo;une transaction commerciale (par exemple, la vente d&rsquo;une partie importante de nos activit\u00e9s, une fusion, une consolidation ou une vente d&rsquo;actifs). Si un tel \u00e9v\u00e9nement se produit, la soci\u00e9t\u00e9 b\u00e9n\u00e9ficiaire ou acqu\u00e9reuse assume les droits et obligations \u00e9nonc\u00e9s dans la d\u00e9claration de confidentialit\u00e9. <\/p><p class=\"p1\"><b>Mineurs<\/b><\/p><p class=\"p12\">Nous comprenons combien il est important de prot\u00e9ger la vie priv\u00e9e des enfants, en particulier en ligne. Ce site web n&rsquo;est pas destin\u00e9 ou cibl\u00e9 pour les enfants. En aucun cas nous n&rsquo;autoriserons des mineurs \u00e0 utiliser nos services sans le consentement pr\u00e9alable d&rsquo;un parent ou d&rsquo;un tuteur l\u00e9gal. Nous ne collectons pas intentionnellement les donn\u00e9es personnelles des mineurs. Si un parent ou un tuteur d\u00e9couvre que son enfant nous a fourni des donn\u00e9es personnelles sans son consentement, il doit nous contacter \u00e0 l&rsquo;adresse <a href=\"mailto:info@lesamisbelges.be\"><span class=\"s2\">info@lesamisbelges.be<\/span><\/a><span class=\"s2\">.<\/span>      <\/p><p class=\"p1\"><b>Mises \u00e0 jour ou modifications de la pr\u00e9sente d\u00e9claration de confidentialit\u00e9<\/b><\/p><p class=\"p9\">Nous nous r\u00e9servons le droit de mettre \u00e0 jour ou de r\u00e9viser p\u00e9riodiquement la d\u00e9claration de confidentialit\u00e9. Les modifications substantielles prendront effet imm\u00e9diatement apr\u00e8s la publication de la d\u00e9claration de confidentialit\u00e9 r\u00e9vis\u00e9e. La date de la derni\u00e8re version est affich\u00e9e au bas de cette page. En continuant \u00e0 utiliser le site web apr\u00e8s avoir signal\u00e9 ces modifications sur notre site web, vous reconnaissez et approuvez les modifications apport\u00e9es \u00e0 la d\u00e9claration de confidentialit\u00e9 et vous acceptez les termes de ces modifications.   <\/p><p class=\"p1\"><b>Nous contacter<\/b><\/p><p class=\"p9\">Si vous avez des questions g\u00e9n\u00e9rales sur le site web ou sur les informations que nous recueillons \u00e0 votre sujet et sur la mani\u00e8re dont nous les utilisons, veuillez nous contacter \u00e0 l&rsquo;adresse suivante : <a href=\"mailto:info@lesamisbelges.be\"><span class=\"s2\">info@lesamisbelges.be<\/span><\/a><span class=\"s2\">.<br><\/span><span class=\"s3\">D-projects, Koekoekstraat 27, 1755 Gooik &#8211; Pajottegem, Belgique<br><\/span><b>Derni\u00e8re modification le 04\/04\/2025<\/b><\/p>\t\t\t\t\t\t\t\t<\/div>\n\t\t\t\t<\/div>\n\t\t\t\t\t<\/div>\n\t\t\t\t<\/div>\n\t\t\t\t<\/div>\n\t\t","protected":false},"excerpt":{"rendered":"<p>D\u00e9claration de confidentialit\u00e9 Qui sommes-nous ? Nous sommes Les Amis Belges, bas\u00e9s \u00e0 Rue de Barriou 4, 26110 Vinsobres (France). Cette maison de vacances est g\u00e9r\u00e9e par D-projects, Koekoekstraat 27, 1755 Gooik &#8211; Pajottegem, Belgique. Nous sommes inscrits au registre du commerce de la Chambre de Commerce sous le num\u00e9ro d&rsquo;entreprise BE0811122017. Dans le cadre [&hellip;]<\/p>\n","protected":false},"author":1,"featured_media":0,"parent":0,"menu_order":0,"comment_status":"closed","ping_status":"closed","template":"","meta":{"_acf_changed":false,"footnotes":""},"class_list":["post-1622","page","type-page","status-publish","hentry"],"acf":[],"yoast_head":"<!-- This site is optimized with the Yoast SEO plugin v27.0 - https:\/\/yoast.com\/product\/yoast-seo-wordpress\/ -->\n<title>D\u00e9claration de confidentialit\u00e9 - Les Amis Belges<\/title>\n<meta name=\"robots\" content=\"index, follow, max-snippet:-1, max-image-preview:large, max-video-preview:-1\" \/>\n<link rel=\"canonical\" href=\"https:\/\/lesamisbelges.be\/fr\/declaration-de-confidentialite\/\" \/>\n<meta property=\"og:locale\" content=\"fr_FR\" \/>\n<meta property=\"og:type\" content=\"article\" \/>\n<meta property=\"og:title\" content=\"D\u00e9claration de confidentialit\u00e9 - Les Amis Belges\" \/>\n<meta property=\"og:description\" content=\"D\u00e9claration de confidentialit\u00e9 Qui sommes-nous ? Nous sommes Les Amis Belges, bas\u00e9s \u00e0 Rue de Barriou 4, 26110 Vinsobres (France). Cette maison de vacances est g\u00e9r\u00e9e par D-projects, Koekoekstraat 27, 1755 Gooik &#8211; Pajottegem, Belgique. Nous sommes inscrits au registre du commerce de la Chambre de Commerce sous le num\u00e9ro d&rsquo;entreprise BE0811122017. Dans le cadre [&hellip;]\" \/>\n<meta property=\"og:url\" content=\"https:\/\/lesamisbelges.be\/fr\/declaration-de-confidentialite\/\" \/>\n<meta property=\"og:site_name\" content=\"Les Amis Belges\" \/>\n<meta property=\"article:publisher\" content=\"https:\/\/www.facebook.com\/profile.php?id=100053483180271#\" \/>\n<meta property=\"article:modified_time\" content=\"2025-04-28T15:15:18+00:00\" \/>\n<meta name=\"twitter:card\" content=\"summary_large_image\" \/>\n<meta name=\"twitter:label1\" content=\"Dur\u00e9e de lecture estim\u00e9e\" \/>\n\t<meta name=\"twitter:data1\" content=\"6 minutes\" \/>\n<script type=\"application\/ld+json\" class=\"yoast-schema-graph\">{\"@context\":\"https:\/\/schema.org\",\"@graph\":[{\"@type\":\"WebPage\",\"@id\":\"https:\/\/lesamisbelges.be\/fr\/declaration-de-confidentialite\/\",\"url\":\"https:\/\/lesamisbelges.be\/fr\/declaration-de-confidentialite\/\",\"name\":\"D\u00e9claration de confidentialit\u00e9 - Les Amis Belges\",\"isPartOf\":{\"@id\":\"https:\/\/lesamisbelges.be\/fr\/#website\"},\"datePublished\":\"2025-03-24T13:43:20+00:00\",\"dateModified\":\"2025-04-28T15:15:18+00:00\",\"breadcrumb\":{\"@id\":\"https:\/\/lesamisbelges.be\/fr\/declaration-de-confidentialite\/#breadcrumb\"},\"inLanguage\":\"fr-FR\",\"potentialAction\":[{\"@type\":\"ReadAction\",\"target\":[\"https:\/\/lesamisbelges.be\/fr\/declaration-de-confidentialite\/\"]}]},{\"@type\":\"BreadcrumbList\",\"@id\":\"https:\/\/lesamisbelges.be\/fr\/declaration-de-confidentialite\/#breadcrumb\",\"itemListElement\":[{\"@type\":\"ListItem\",\"position\":1,\"name\":\"Home\",\"item\":\"https:\/\/lesamisbelges.be\/fr\/\"},{\"@type\":\"ListItem\",\"position\":2,\"name\":\"D\u00e9claration de confidentialit\u00e9\"}]},{\"@type\":\"WebSite\",\"@id\":\"https:\/\/lesamisbelges.be\/fr\/#website\",\"url\":\"https:\/\/lesamisbelges.be\/fr\/\",\"name\":\"Les Amis Belges\",\"description\":\"\",\"publisher\":{\"@id\":\"https:\/\/lesamisbelges.be\/fr\/#organization\"},\"potentialAction\":[{\"@type\":\"SearchAction\",\"target\":{\"@type\":\"EntryPoint\",\"urlTemplate\":\"https:\/\/lesamisbelges.be\/fr\/?s={search_term_string}\"},\"query-input\":{\"@type\":\"PropertyValueSpecification\",\"valueRequired\":true,\"valueName\":\"search_term_string\"}}],\"inLanguage\":\"fr-FR\"},{\"@type\":\"Organization\",\"@id\":\"https:\/\/lesamisbelges.be\/fr\/#organization\",\"name\":\"Les Amis Belges\",\"url\":\"https:\/\/lesamisbelges.be\/fr\/\",\"logo\":{\"@type\":\"ImageObject\",\"inLanguage\":\"fr-FR\",\"@id\":\"https:\/\/lesamisbelges.be\/fr\/#\/schema\/logo\/image\/\",\"url\":\"https:\/\/lesamisbelges.be\/wp-content\/uploads\/2025\/01\/logo-les-amis-belges@4x.png\",\"contentUrl\":\"https:\/\/lesamisbelges.be\/wp-content\/uploads\/2025\/01\/logo-les-amis-belges@4x.png\",\"width\":2664,\"height\":702,\"caption\":\"Les Amis Belges\"},\"image\":{\"@id\":\"https:\/\/lesamisbelges.be\/fr\/#\/schema\/logo\/image\/\"},\"sameAs\":[\"https:\/\/www.facebook.com\/profile.php?id=100053483180271#\",\"https:\/\/www.instagram.com\/lesamisbelges_\"]}]}<\/script>\n<!-- \/ Yoast SEO plugin. -->","yoast_head_json":{"title":"D\u00e9claration de confidentialit\u00e9 - Les Amis Belges","robots":{"index":"index","follow":"follow","max-snippet":"max-snippet:-1","max-image-preview":"max-image-preview:large","max-video-preview":"max-video-preview:-1"},"canonical":"https:\/\/lesamisbelges.be\/fr\/declaration-de-confidentialite\/","og_locale":"fr_FR","og_type":"article","og_title":"D\u00e9claration de confidentialit\u00e9 - Les Amis Belges","og_description":"D\u00e9claration de confidentialit\u00e9 Qui sommes-nous ? Nous sommes Les Amis Belges, bas\u00e9s \u00e0 Rue de Barriou 4, 26110 Vinsobres (France). Cette maison de vacances est g\u00e9r\u00e9e par D-projects, Koekoekstraat 27, 1755 Gooik &#8211; Pajottegem, Belgique. Nous sommes inscrits au registre du commerce de la Chambre de Commerce sous le num\u00e9ro d&rsquo;entreprise BE0811122017. Dans le cadre [&hellip;]","og_url":"https:\/\/lesamisbelges.be\/fr\/declaration-de-confidentialite\/","og_site_name":"Les Amis Belges","article_publisher":"https:\/\/www.facebook.com\/profile.php?id=100053483180271#","article_modified_time":"2025-04-28T15:15:18+00:00","twitter_card":"summary_large_image","twitter_misc":{"Dur\u00e9e de lecture estim\u00e9e":"6 minutes"},"schema":{"@context":"https:\/\/schema.org","@graph":[{"@type":"WebPage","@id":"https:\/\/lesamisbelges.be\/fr\/declaration-de-confidentialite\/","url":"https:\/\/lesamisbelges.be\/fr\/declaration-de-confidentialite\/","name":"D\u00e9claration de confidentialit\u00e9 - Les Amis Belges","isPartOf":{"@id":"https:\/\/lesamisbelges.be\/fr\/#website"},"datePublished":"2025-03-24T13:43:20+00:00","dateModified":"2025-04-28T15:15:18+00:00","breadcrumb":{"@id":"https:\/\/lesamisbelges.be\/fr\/declaration-de-confidentialite\/#breadcrumb"},"inLanguage":"fr-FR","potentialAction":[{"@type":"ReadAction","target":["https:\/\/lesamisbelges.be\/fr\/declaration-de-confidentialite\/"]}]},{"@type":"BreadcrumbList","@id":"https:\/\/lesamisbelges.be\/fr\/declaration-de-confidentialite\/#breadcrumb","itemListElement":[{"@type":"ListItem","position":1,"name":"Home","item":"https:\/\/lesamisbelges.be\/fr\/"},{"@type":"ListItem","position":2,"name":"D\u00e9claration de confidentialit\u00e9"}]},{"@type":"WebSite","@id":"https:\/\/lesamisbelges.be\/fr\/#website","url":"https:\/\/lesamisbelges.be\/fr\/","name":"Les Amis Belges","description":"","publisher":{"@id":"https:\/\/lesamisbelges.be\/fr\/#organization"},"potentialAction":[{"@type":"SearchAction","target":{"@type":"EntryPoint","urlTemplate":"https:\/\/lesamisbelges.be\/fr\/?s={search_term_string}"},"query-input":{"@type":"PropertyValueSpecification","valueRequired":true,"valueName":"search_term_string"}}],"inLanguage":"fr-FR"},{"@type":"Organization","@id":"https:\/\/lesamisbelges.be\/fr\/#organization","name":"Les Amis Belges","url":"https:\/\/lesamisbelges.be\/fr\/","logo":{"@type":"ImageObject","inLanguage":"fr-FR","@id":"https:\/\/lesamisbelges.be\/fr\/#\/schema\/logo\/image\/","url":"https:\/\/lesamisbelges.be\/wp-content\/uploads\/2025\/01\/logo-les-amis-belges@4x.png","contentUrl":"https:\/\/lesamisbelges.be\/wp-content\/uploads\/2025\/01\/logo-les-amis-belges@4x.png","width":2664,"height":702,"caption":"Les Amis Belges"},"image":{"@id":"https:\/\/lesamisbelges.be\/fr\/#\/schema\/logo\/image\/"},"sameAs":["https:\/\/www.facebook.com\/profile.php?id=100053483180271#","https:\/\/www.instagram.com\/lesamisbelges_"]}]}},"_links":{"self":[{"href":"https:\/\/lesamisbelges.be\/fr\/wp-json\/wp\/v2\/pages\/1622","targetHints":{"allow":["GET"]}}],"collection":[{"href":"https:\/\/lesamisbelges.be\/fr\/wp-json\/wp\/v2\/pages"}],"about":[{"href":"https:\/\/lesamisbelges.be\/fr\/wp-json\/wp\/v2\/types\/page"}],"author":[{"embeddable":true,"href":"https:\/\/lesamisbelges.be\/fr\/wp-json\/wp\/v2\/users\/1"}],"replies":[{"embeddable":true,"href":"https:\/\/lesamisbelges.be\/fr\/wp-json\/wp\/v2\/comments?post=1622"}],"version-history":[{"count":2,"href":"https:\/\/lesamisbelges.be\/fr\/wp-json\/wp\/v2\/pages\/1622\/revisions"}],"predecessor-version":[{"id":1720,"href":"https:\/\/lesamisbelges.be\/fr\/wp-json\/wp\/v2\/pages\/1622\/revisions\/1720"}],"wp:attachment":[{"href":"https:\/\/lesamisbelges.be\/fr\/wp-json\/wp\/v2\/media?parent=1622"}],"curies":[{"name":"wp","href":"https:\/\/api.w.org\/{rel}","templated":true}]}}