{"id":1613,"date":"2025-02-07T13:27:16","date_gmt":"2025-02-07T13:27:16","guid":{"rendered":"https:\/\/lesamisbelges.be\/chambres-daltitude\/"},"modified":"2025-04-25T13:12:47","modified_gmt":"2025-04-25T13:12:47","slug":"chambres-daltitude","status":"publish","type":"page","link":"https:\/\/lesamisbelges.be\/fr\/chambres-daltitude\/","title":{"rendered":"Chambres d&rsquo;altitude"},"content":{"rendered":"\t\t<div data-elementor-type=\"wp-page\" data-elementor-id=\"1613\" class=\"elementor elementor-1613 elementor-668\" data-elementor-post-type=\"page\">\n\t\t\t\t<div data-dce-background-image-url=\"https:\/\/lesamisbelges.be\/wp-content\/uploads\/2025\/02\/BANNER-2.jpg\" class=\"elementor-element elementor-element-ac0046e e-flex e-con-boxed e-con e-parent\" data-id=\"ac0046e\" data-element_type=\"container\" data-e-type=\"container\" data-settings=\"{&quot;background_background&quot;:&quot;classic&quot;}\">\n\t\t\t\t\t<div class=\"e-con-inner\">\n\t\t\t\t<div class=\"elementor-element elementor-element-74f7dd7 elementor-widget__width-initial animated-slow elementor-invisible elementor-widget elementor-widget-heading\" data-id=\"74f7dd7\" data-element_type=\"widget\" data-e-type=\"widget\" data-settings=\"{&quot;_animation&quot;:&quot;fadeIn&quot;}\" data-widget_type=\"heading.default\">\n\t\t\t\t<div class=\"elementor-widget-container\">\n\t\t\t\t\t<h1 class=\"elementor-heading-title elementor-size-default\">S\u00e9journer dans nos<br><b>chambres d'altitude<\/b><\/h1>\t\t\t\t<\/div>\n\t\t\t\t<\/div>\n\t\t\t\t<div class=\"elementor-element elementor-element-35437bd animated-slow dce_masking-none elementor-invisible elementor-widget elementor-widget-image\" data-id=\"35437bd\" data-element_type=\"widget\" data-e-type=\"widget\" data-settings=\"{&quot;_animation&quot;:&quot;fadeInDown&quot;,&quot;_animation_delay&quot;:600}\" data-widget_type=\"image.default\">\n\t\t\t\t<div class=\"elementor-widget-container\">\n\t\t\t\t\t\t\t\t\t\t\t\t\t\t\t\t<a href=\"#intro\">\n\t\t\t\t\t\t\t<img decoding=\"async\" width=\"33\" height=\"33\" src=\"https:\/\/lesamisbelges.be\/wp-content\/uploads\/2025\/01\/arrow-down.svg\" class=\"attachment-large size-large wp-image-1403\" alt=\"\" \/>\t\t\t\t\t\t\t\t<\/a>\n\t\t\t\t\t\t\t\t\t\t\t\t\t\t\t<\/div>\n\t\t\t\t<\/div>\n\t\t\t\t\t<\/div>\n\t\t\t\t<\/div>\n\t\t<div class=\"elementor-element elementor-element-f82806b e-flex e-con-boxed e-con e-parent\" data-id=\"f82806b\" data-element_type=\"container\" data-e-type=\"container\" id=\"intro\">\n\t\t\t\t\t<div class=\"e-con-inner\">\n\t\t\t\t<div class=\"elementor-element elementor-element-2f01a47 elementor-widget__width-initial animated-slow elementor-invisible elementor-widget elementor-widget-text-editor\" data-id=\"2f01a47\" data-element_type=\"widget\" data-e-type=\"widget\" data-settings=\"{&quot;_animation&quot;:&quot;fadeIn&quot;}\" data-widget_type=\"text-editor.default\">\n\t\t\t\t<div class=\"elementor-widget-container\">\n\t\t\t\t\t\t\t\t\t<p style=\"font-weight: 400;\">Atteindre le sommet de sa forme en dormant ? C&rsquo;est bient\u00f4t possible aux Amis Belges ! Nos chambres d&rsquo;altitude uniques combinent tout <strong>le confort d&rsquo;une chambre d&rsquo;h\u00f4tel<\/strong> avec les <strong>avantages<\/strong> de <strong>la simulation d&rsquo;altitude<\/strong>. Vous pouvez ainsi r\u00e9cup\u00e9rer de mani\u00e8re optimale de votre entra\u00eenement et votre corps peut s&rsquo;adapter aux conditions pauvres en oxyg\u00e8ne de la haute altitude.  <\/p>\t\t\t\t\t\t\t\t<\/div>\n\t\t\t\t<\/div>\n\t\t\t\t\t<\/div>\n\t\t\t\t<\/div>\n\t\t\t\t<\/div>\n\t\t","protected":false},"excerpt":{"rendered":"<p>S\u00e9journer dans noschambres d&rsquo;altitude Atteindre le sommet de sa forme en dormant ? C&rsquo;est bient\u00f4t possible aux Amis Belges ! Nos chambres d&rsquo;altitude uniques combinent tout le confort d&rsquo;une chambre d&rsquo;h\u00f4tel avec les avantages de la simulation d&rsquo;altitude. Vous pouvez ainsi r\u00e9cup\u00e9rer de mani\u00e8re optimale de votre entra\u00eenement et votre corps peut s&rsquo;adapter aux conditions [&hellip;]<\/p>\n","protected":false},"author":2,"featured_media":0,"parent":0,"menu_order":0,"comment_status":"closed","ping_status":"closed","template":"","meta":{"_acf_changed":false,"footnotes":""},"class_list":["post-1613","page","type-page","status-publish","hentry"],"acf":[],"yoast_head":"<!-- This site is optimized with the Yoast SEO plugin v27.0 - https:\/\/yoast.com\/product\/yoast-seo-wordpress\/ -->\n<title>Chambres d&#039;altitude - Les Amis Belges<\/title>\n<meta name=\"robots\" content=\"index, follow, max-snippet:-1, max-image-preview:large, max-video-preview:-1\" \/>\n<link rel=\"canonical\" href=\"https:\/\/lesamisbelges.be\/fr\/chambres-daltitude\/\" \/>\n<meta property=\"og:locale\" content=\"fr_FR\" \/>\n<meta property=\"og:type\" content=\"article\" \/>\n<meta property=\"og:title\" content=\"Chambres d&#039;altitude - Les Amis Belges\" \/>\n<meta property=\"og:description\" content=\"S\u00e9journer dans noschambres d&rsquo;altitude Atteindre le sommet de sa forme en dormant ? C&rsquo;est bient\u00f4t possible aux Amis Belges ! Nos chambres d&rsquo;altitude uniques combinent tout le confort d&rsquo;une chambre d&rsquo;h\u00f4tel avec les avantages de la simulation d&rsquo;altitude. Vous pouvez ainsi r\u00e9cup\u00e9rer de mani\u00e8re optimale de votre entra\u00eenement et votre corps peut s&rsquo;adapter aux conditions [&hellip;]\" \/>\n<meta property=\"og:url\" content=\"https:\/\/lesamisbelges.be\/fr\/chambres-daltitude\/\" \/>\n<meta property=\"og:site_name\" content=\"Les Amis Belges\" \/>\n<meta property=\"article:publisher\" content=\"https:\/\/www.facebook.com\/profile.php?id=100053483180271#\" \/>\n<meta property=\"article:modified_time\" content=\"2025-04-25T13:12:47+00:00\" \/>\n<meta property=\"og:image\" content=\"https:\/\/lesamisbelges.be\/wp-content\/uploads\/2025\/01\/arrow-down.svg\" \/>\n<meta name=\"twitter:card\" content=\"summary_large_image\" \/>\n<script type=\"application\/ld+json\" class=\"yoast-schema-graph\">{\"@context\":\"https:\/\/schema.org\",\"@graph\":[{\"@type\":\"WebPage\",\"@id\":\"https:\/\/lesamisbelges.be\/fr\/chambres-daltitude\/\",\"url\":\"https:\/\/lesamisbelges.be\/fr\/chambres-daltitude\/\",\"name\":\"Chambres d'altitude - Les Amis Belges\",\"isPartOf\":{\"@id\":\"https:\/\/lesamisbelges.be\/fr\/#website\"},\"primaryImageOfPage\":{\"@id\":\"https:\/\/lesamisbelges.be\/fr\/chambres-daltitude\/#primaryimage\"},\"image\":{\"@id\":\"https:\/\/lesamisbelges.be\/fr\/chambres-daltitude\/#primaryimage\"},\"thumbnailUrl\":\"https:\/\/lesamisbelges.be\/wp-content\/uploads\/2025\/01\/arrow-down.svg\",\"datePublished\":\"2025-02-07T13:27:16+00:00\",\"dateModified\":\"2025-04-25T13:12:47+00:00\",\"breadcrumb\":{\"@id\":\"https:\/\/lesamisbelges.be\/fr\/chambres-daltitude\/#breadcrumb\"},\"inLanguage\":\"fr-FR\",\"potentialAction\":[{\"@type\":\"ReadAction\",\"target\":[\"https:\/\/lesamisbelges.be\/fr\/chambres-daltitude\/\"]}]},{\"@type\":\"ImageObject\",\"inLanguage\":\"fr-FR\",\"@id\":\"https:\/\/lesamisbelges.be\/fr\/chambres-daltitude\/#primaryimage\",\"url\":\"https:\/\/lesamisbelges.be\/wp-content\/uploads\/2025\/01\/arrow-down.svg\",\"contentUrl\":\"https:\/\/lesamisbelges.be\/wp-content\/uploads\/2025\/01\/arrow-down.svg\"},{\"@type\":\"BreadcrumbList\",\"@id\":\"https:\/\/lesamisbelges.be\/fr\/chambres-daltitude\/#breadcrumb\",\"itemListElement\":[{\"@type\":\"ListItem\",\"position\":1,\"name\":\"Home\",\"item\":\"https:\/\/lesamisbelges.be\/fr\/\"},{\"@type\":\"ListItem\",\"position\":2,\"name\":\"Chambres d&#8217;altitude\"}]},{\"@type\":\"WebSite\",\"@id\":\"https:\/\/lesamisbelges.be\/fr\/#website\",\"url\":\"https:\/\/lesamisbelges.be\/fr\/\",\"name\":\"Les Amis Belges\",\"description\":\"\",\"publisher\":{\"@id\":\"https:\/\/lesamisbelges.be\/fr\/#organization\"},\"potentialAction\":[{\"@type\":\"SearchAction\",\"target\":{\"@type\":\"EntryPoint\",\"urlTemplate\":\"https:\/\/lesamisbelges.be\/fr\/?s={search_term_string}\"},\"query-input\":{\"@type\":\"PropertyValueSpecification\",\"valueRequired\":true,\"valueName\":\"search_term_string\"}}],\"inLanguage\":\"fr-FR\"},{\"@type\":\"Organization\",\"@id\":\"https:\/\/lesamisbelges.be\/fr\/#organization\",\"name\":\"Les Amis Belges\",\"url\":\"https:\/\/lesamisbelges.be\/fr\/\",\"logo\":{\"@type\":\"ImageObject\",\"inLanguage\":\"fr-FR\",\"@id\":\"https:\/\/lesamisbelges.be\/fr\/#\/schema\/logo\/image\/\",\"url\":\"https:\/\/lesamisbelges.be\/wp-content\/uploads\/2025\/01\/logo-les-amis-belges@4x.png\",\"contentUrl\":\"https:\/\/lesamisbelges.be\/wp-content\/uploads\/2025\/01\/logo-les-amis-belges@4x.png\",\"width\":2664,\"height\":702,\"caption\":\"Les Amis Belges\"},\"image\":{\"@id\":\"https:\/\/lesamisbelges.be\/fr\/#\/schema\/logo\/image\/\"},\"sameAs\":[\"https:\/\/www.facebook.com\/profile.php?id=100053483180271#\",\"https:\/\/www.instagram.com\/lesamisbelges_\"]}]}<\/script>\n<!-- \/ Yoast SEO plugin. -->","yoast_head_json":{"title":"Chambres d'altitude - Les Amis Belges","robots":{"index":"index","follow":"follow","max-snippet":"max-snippet:-1","max-image-preview":"max-image-preview:large","max-video-preview":"max-video-preview:-1"},"canonical":"https:\/\/lesamisbelges.be\/fr\/chambres-daltitude\/","og_locale":"fr_FR","og_type":"article","og_title":"Chambres d'altitude - Les Amis Belges","og_description":"S\u00e9journer dans noschambres d&rsquo;altitude Atteindre le sommet de sa forme en dormant ? C&rsquo;est bient\u00f4t possible aux Amis Belges ! Nos chambres d&rsquo;altitude uniques combinent tout le confort d&rsquo;une chambre d&rsquo;h\u00f4tel avec les avantages de la simulation d&rsquo;altitude. Vous pouvez ainsi r\u00e9cup\u00e9rer de mani\u00e8re optimale de votre entra\u00eenement et votre corps peut s&rsquo;adapter aux conditions [&hellip;]","og_url":"https:\/\/lesamisbelges.be\/fr\/chambres-daltitude\/","og_site_name":"Les Amis Belges","article_publisher":"https:\/\/www.facebook.com\/profile.php?id=100053483180271#","article_modified_time":"2025-04-25T13:12:47+00:00","og_image":[{"url":"https:\/\/lesamisbelges.be\/wp-content\/uploads\/2025\/01\/arrow-down.svg","type":"","width":"","height":""}],"twitter_card":"summary_large_image","schema":{"@context":"https:\/\/schema.org","@graph":[{"@type":"WebPage","@id":"https:\/\/lesamisbelges.be\/fr\/chambres-daltitude\/","url":"https:\/\/lesamisbelges.be\/fr\/chambres-daltitude\/","name":"Chambres d'altitude - Les Amis Belges","isPartOf":{"@id":"https:\/\/lesamisbelges.be\/fr\/#website"},"primaryImageOfPage":{"@id":"https:\/\/lesamisbelges.be\/fr\/chambres-daltitude\/#primaryimage"},"image":{"@id":"https:\/\/lesamisbelges.be\/fr\/chambres-daltitude\/#primaryimage"},"thumbnailUrl":"https:\/\/lesamisbelges.be\/wp-content\/uploads\/2025\/01\/arrow-down.svg","datePublished":"2025-02-07T13:27:16+00:00","dateModified":"2025-04-25T13:12:47+00:00","breadcrumb":{"@id":"https:\/\/lesamisbelges.be\/fr\/chambres-daltitude\/#breadcrumb"},"inLanguage":"fr-FR","potentialAction":[{"@type":"ReadAction","target":["https:\/\/lesamisbelges.be\/fr\/chambres-daltitude\/"]}]},{"@type":"ImageObject","inLanguage":"fr-FR","@id":"https:\/\/lesamisbelges.be\/fr\/chambres-daltitude\/#primaryimage","url":"https:\/\/lesamisbelges.be\/wp-content\/uploads\/2025\/01\/arrow-down.svg","contentUrl":"https:\/\/lesamisbelges.be\/wp-content\/uploads\/2025\/01\/arrow-down.svg"},{"@type":"BreadcrumbList","@id":"https:\/\/lesamisbelges.be\/fr\/chambres-daltitude\/#breadcrumb","itemListElement":[{"@type":"ListItem","position":1,"name":"Home","item":"https:\/\/lesamisbelges.be\/fr\/"},{"@type":"ListItem","position":2,"name":"Chambres d&#8217;altitude"}]},{"@type":"WebSite","@id":"https:\/\/lesamisbelges.be\/fr\/#website","url":"https:\/\/lesamisbelges.be\/fr\/","name":"Les Amis Belges","description":"","publisher":{"@id":"https:\/\/lesamisbelges.be\/fr\/#organization"},"potentialAction":[{"@type":"SearchAction","target":{"@type":"EntryPoint","urlTemplate":"https:\/\/lesamisbelges.be\/fr\/?s={search_term_string}"},"query-input":{"@type":"PropertyValueSpecification","valueRequired":true,"valueName":"search_term_string"}}],"inLanguage":"fr-FR"},{"@type":"Organization","@id":"https:\/\/lesamisbelges.be\/fr\/#organization","name":"Les Amis Belges","url":"https:\/\/lesamisbelges.be\/fr\/","logo":{"@type":"ImageObject","inLanguage":"fr-FR","@id":"https:\/\/lesamisbelges.be\/fr\/#\/schema\/logo\/image\/","url":"https:\/\/lesamisbelges.be\/wp-content\/uploads\/2025\/01\/logo-les-amis-belges@4x.png","contentUrl":"https:\/\/lesamisbelges.be\/wp-content\/uploads\/2025\/01\/logo-les-amis-belges@4x.png","width":2664,"height":702,"caption":"Les Amis Belges"},"image":{"@id":"https:\/\/lesamisbelges.be\/fr\/#\/schema\/logo\/image\/"},"sameAs":["https:\/\/www.facebook.com\/profile.php?id=100053483180271#","https:\/\/www.instagram.com\/lesamisbelges_"]}]}},"_links":{"self":[{"href":"https:\/\/lesamisbelges.be\/fr\/wp-json\/wp\/v2\/pages\/1613","targetHints":{"allow":["GET"]}}],"collection":[{"href":"https:\/\/lesamisbelges.be\/fr\/wp-json\/wp\/v2\/pages"}],"about":[{"href":"https:\/\/lesamisbelges.be\/fr\/wp-json\/wp\/v2\/types\/page"}],"author":[{"embeddable":true,"href":"https:\/\/lesamisbelges.be\/fr\/wp-json\/wp\/v2\/users\/2"}],"replies":[{"embeddable":true,"href":"https:\/\/lesamisbelges.be\/fr\/wp-json\/wp\/v2\/comments?post=1613"}],"version-history":[{"count":4,"href":"https:\/\/lesamisbelges.be\/fr\/wp-json\/wp\/v2\/pages\/1613\/revisions"}],"predecessor-version":[{"id":1676,"href":"https:\/\/lesamisbelges.be\/fr\/wp-json\/wp\/v2\/pages\/1613\/revisions\/1676"}],"wp:attachment":[{"href":"https:\/\/lesamisbelges.be\/fr\/wp-json\/wp\/v2\/media?parent=1613"}],"curies":[{"name":"wp","href":"https:\/\/api.w.org\/{rel}","templated":true}]}}