{"id":1607,"date":"2025-01-27T11:51:06","date_gmt":"2025-01-27T11:51:06","guid":{"rendered":"https:\/\/lesamisbelges.be\/vacances-a-velo\/"},"modified":"2025-04-28T14:46:06","modified_gmt":"2025-04-28T14:46:06","slug":"vacances-a-velo","status":"publish","type":"page","link":"https:\/\/lesamisbelges.be\/fr\/vacances-a-velo\/","title":{"rendered":"Vacances \u00e0 v\u00e9lo"},"content":{"rendered":"\t\t<div data-elementor-type=\"wp-page\" data-elementor-id=\"1607\" class=\"elementor elementor-1607 elementor-29\" data-elementor-post-type=\"page\">\n\t\t\t\t<div data-dce-background-image-url=\"https:\/\/lesamisbelges.be\/wp-content\/uploads\/2025\/02\/sebastian-graser-ZMuX28OjPXQ-unsplash-scaled.jpg\" class=\"elementor-element elementor-element-39848ca e-flex e-con-boxed e-con e-parent\" data-id=\"39848ca\" data-element_type=\"container\" data-e-type=\"container\" data-settings=\"{&quot;background_background&quot;:&quot;classic&quot;}\">\n\t\t\t\t\t<div class=\"e-con-inner\">\n\t\t\t\t<div class=\"elementor-element elementor-element-2da1fa8 elementor-widget__width-initial animated-slow elementor-invisible elementor-widget elementor-widget-heading\" data-id=\"2da1fa8\" data-element_type=\"widget\" data-e-type=\"widget\" data-settings=\"{&quot;_animation&quot;:&quot;fadeIn&quot;}\" data-widget_type=\"heading.default\">\n\t\t\t\t<div class=\"elementor-widget-container\">\n\t\t\t\t\t<h1 class=\"elementor-heading-title elementor-size-default\">Rejoignez-nous pour<br><b>des vacances \u00e0 v\u00e9lo<\/b><\/h1>\t\t\t\t<\/div>\n\t\t\t\t<\/div>\n\t\t\t\t<div class=\"elementor-element elementor-element-8d9af13 animated-slow dce_masking-none elementor-invisible elementor-widget elementor-widget-image\" data-id=\"8d9af13\" data-element_type=\"widget\" data-e-type=\"widget\" data-settings=\"{&quot;_animation&quot;:&quot;fadeInDown&quot;,&quot;_animation_delay&quot;:600}\" data-widget_type=\"image.default\">\n\t\t\t\t<div class=\"elementor-widget-container\">\n\t\t\t\t\t\t\t\t\t\t\t\t\t\t\t\t<a href=\"#intro\">\n\t\t\t\t\t\t\t<img decoding=\"async\" width=\"33\" height=\"33\" src=\"https:\/\/lesamisbelges.be\/wp-content\/uploads\/2025\/01\/arrow-down.svg\" class=\"attachment-large size-large wp-image-1403\" alt=\"\" \/>\t\t\t\t\t\t\t\t<\/a>\n\t\t\t\t\t\t\t\t\t\t\t\t\t\t\t<\/div>\n\t\t\t\t<\/div>\n\t\t\t\t\t<\/div>\n\t\t\t\t<\/div>\n\t\t<div class=\"elementor-element elementor-element-4961bbb e-flex e-con-boxed e-con e-parent\" data-id=\"4961bbb\" data-element_type=\"container\" data-e-type=\"container\" id=\"intro\">\n\t\t\t\t\t<div class=\"e-con-inner\">\n\t\t\t\t<div class=\"elementor-element elementor-element-3c9088d elementor-widget__width-initial animated-slow elementor-invisible elementor-widget elementor-widget-text-editor\" data-id=\"3c9088d\" data-element_type=\"widget\" data-e-type=\"widget\" data-settings=\"{&quot;_animation&quot;:&quot;fadeIn&quot;}\" data-widget_type=\"text-editor.default\">\n\t\t\t\t<div class=\"elementor-widget-container\">\n\t\t\t\t\t\t\t\t\t<p>Que vous vous entra\u00eeniez pour un grand d\u00e9fi ou que vous profitiez simplement du paysage, ici vous p\u00e9dalez \u00e0 votre rythme, sous le soleil du sud. D\u00e9couvrez les plus beaux sites de Provence au d\u00e9part de Vinsobres, <strong>point de d\u00e9part id\u00e9ale<\/strong> pour des vacances \u00e0 v\u00e9lo inoubliables. <\/p>\t\t\t\t\t\t\t\t<\/div>\n\t\t\t\t<\/div>\n\t\t\t\t\t<\/div>\n\t\t\t\t<\/div>\n\t\t<div class=\"elementor-element elementor-element-dbe8c23 e-flex e-con-boxed e-con e-child\" data-id=\"dbe8c23\" data-element_type=\"container\" data-e-type=\"container\">\n\t\t\t\t\t<div class=\"e-con-inner\">\n\t\t<a data-dce-background-image-url=\"https:\/\/lesamisbelges.be\/wp-content\/uploads\/2025\/01\/pexels-pixabay-258045.jpg\" class=\"elementor-element elementor-element-83d87c1 image-zoom-bg e-con-full animated-slow e-flex elementor-invisible e-con e-child\" data-id=\"83d87c1\" data-element_type=\"container\" data-e-type=\"container\" data-settings=\"{&quot;background_background&quot;:&quot;classic&quot;,&quot;animation&quot;:&quot;fadeIn&quot;}\" href=\"https:\/\/lesamisbelges.be\/fr\/randonnee-cycliste-guidee\/\">\n\t\t<div class=\"elementor-element elementor-element-828f79b e-con-full e-flex e-con e-child\" data-id=\"828f79b\" data-element_type=\"container\" data-e-type=\"container\">\n\t\t<div class=\"elementor-element elementor-element-79bba2f e-con-full e-flex e-con e-child\" data-id=\"79bba2f\" data-element_type=\"container\" data-e-type=\"container\" data-settings=\"{&quot;background_background&quot;:&quot;classic&quot;}\">\n\t\t\t\t<div data-dce-text-color=\"#5C6B36\" class=\"elementor-element elementor-element-98e9aec elementor-widget elementor-widget-text-editor\" data-id=\"98e9aec\" data-element_type=\"widget\" data-e-type=\"widget\" data-widget_type=\"text-editor.default\">\n\t\t\t\t<div class=\"elementor-widget-container\">\n\t\t\t\t\t\t\t\t\t<p>4 Jours<\/p>\t\t\t\t\t\t\t\t<\/div>\n\t\t\t\t<\/div>\n\t\t\t\t<\/div>\n\t\t\t\t<div data-dce-text-color=\"#FFFFFF\" class=\"elementor-element elementor-element-955948e elementor-widget elementor-widget-text-editor\" data-id=\"955948e\" data-element_type=\"widget\" data-e-type=\"widget\" data-widget_type=\"text-editor.default\">\n\t\t\t\t<div class=\"elementor-widget-container\">\n\t\t\t\t\t\t\t\t\t<p>Tour cycliste<\/p>\t\t\t\t\t\t\t\t<\/div>\n\t\t\t\t<\/div>\n\t\t\t\t<div data-dce-title-color=\"#FFFFFF\" class=\"elementor-element elementor-element-9014c13 elementor-widget elementor-widget-heading\" data-id=\"9014c13\" data-element_type=\"widget\" data-e-type=\"widget\" data-widget_type=\"heading.default\">\n\t\t\t\t<div class=\"elementor-widget-container\">\n\t\t\t\t\t<p class=\"elementor-heading-title elementor-size-default\">guid\u00e9<\/p>\t\t\t\t<\/div>\n\t\t\t\t<\/div>\n\t\t\t\t<\/div>\n\t\t\t\t<\/a>\n\t\t<div class=\"elementor-element elementor-element-51b992a e-con-full animated-slow e-flex elementor-invisible e-con e-child\" data-id=\"51b992a\" data-element_type=\"container\" data-e-type=\"container\" data-settings=\"{&quot;background_background&quot;:&quot;classic&quot;,&quot;animation&quot;:&quot;fadeIn&quot;}\">\n\t\t<div class=\"elementor-element elementor-element-4135ad0 e-con-full e-flex e-con e-child\" data-id=\"4135ad0\" data-element_type=\"container\" data-e-type=\"container\">\n\t\t\t\t<div data-dce-text-color=\"#FFFFFF\" class=\"elementor-element elementor-element-3aa3ba5 elementor-widget elementor-widget-text-editor\" data-id=\"3aa3ba5\" data-element_type=\"widget\" data-e-type=\"widget\" data-widget_type=\"text-editor.default\">\n\t\t\t\t<div class=\"elementor-widget-container\">\n\t\t\t\t\t\t\t\t\t<p>Composez votre <strong>s\u00e9jour \u00e0 v\u00e9lo sur mesure<\/strong><\/p>\t\t\t\t\t\t\t\t<\/div>\n\t\t\t\t<\/div>\n\t\t\t\t<div class=\"elementor-element elementor-element-71112a1 elementor-widget elementor-widget-button\" data-id=\"71112a1\" data-element_type=\"widget\" data-e-type=\"widget\" data-widget_type=\"button.default\">\n\t\t\t\t<div class=\"elementor-widget-container\">\n\t\t\t\t\t\t\t\t\t<div class=\"elementor-button-wrapper\">\n\t\t\t\t\t<a class=\"elementor-button elementor-button-link elementor-size-sm\" href=\"#contact\">\n\t\t\t\t\t\t<span class=\"elementor-button-content-wrapper\">\n\t\t\t\t\t\t\t\t\t<span class=\"elementor-button-text\">Contactez nous<\/span>\n\t\t\t\t\t<\/span>\n\t\t\t\t\t<\/a>\n\t\t\t\t<\/div>\n\t\t\t\t\t\t\t\t<\/div>\n\t\t\t\t<\/div>\n\t\t\t\t<\/div>\n\t\t\t\t<\/div>\n\t\t\t\t\t<\/div>\n\t\t\t\t<\/div>\n\t\t\t\t<\/div>\n\t\t","protected":false},"excerpt":{"rendered":"<p>Rejoignez-nous pourdes vacances \u00e0 v\u00e9lo Que vous vous entra\u00eeniez pour un grand d\u00e9fi ou que vous profitiez simplement du paysage, ici vous p\u00e9dalez \u00e0 votre rythme, sous le soleil du sud. D\u00e9couvrez les plus beaux sites de Provence au d\u00e9part de Vinsobres, point de d\u00e9part id\u00e9ale pour des vacances \u00e0 v\u00e9lo inoubliables. 4 Jours Tour [&hellip;]<\/p>\n","protected":false},"author":1,"featured_media":0,"parent":0,"menu_order":0,"comment_status":"closed","ping_status":"closed","template":"","meta":{"_acf_changed":false,"footnotes":""},"class_list":["post-1607","page","type-page","status-publish","hentry"],"acf":[],"yoast_head":"<!-- This site is optimized with the Yoast SEO plugin v27.0 - https:\/\/yoast.com\/product\/yoast-seo-wordpress\/ -->\n<title>Vacances \u00e0 v\u00e9lo - Les Amis Belges<\/title>\n<meta name=\"robots\" content=\"index, follow, max-snippet:-1, max-image-preview:large, max-video-preview:-1\" \/>\n<link rel=\"canonical\" href=\"https:\/\/lesamisbelges.be\/fr\/vacances-a-velo\/\" \/>\n<meta property=\"og:locale\" content=\"fr_FR\" \/>\n<meta property=\"og:type\" content=\"article\" \/>\n<meta property=\"og:title\" content=\"Vacances \u00e0 v\u00e9lo - Les Amis Belges\" \/>\n<meta property=\"og:description\" content=\"Rejoignez-nous pourdes vacances \u00e0 v\u00e9lo Que vous vous entra\u00eeniez pour un grand d\u00e9fi ou que vous profitiez simplement du paysage, ici vous p\u00e9dalez \u00e0 votre rythme, sous le soleil du sud. D\u00e9couvrez les plus beaux sites de Provence au d\u00e9part de Vinsobres, point de d\u00e9part id\u00e9ale pour des vacances \u00e0 v\u00e9lo inoubliables. 4 Jours Tour [&hellip;]\" \/>\n<meta property=\"og:url\" content=\"https:\/\/lesamisbelges.be\/fr\/vacances-a-velo\/\" \/>\n<meta property=\"og:site_name\" content=\"Les Amis Belges\" \/>\n<meta property=\"article:publisher\" content=\"https:\/\/www.facebook.com\/profile.php?id=100053483180271#\" \/>\n<meta property=\"article:modified_time\" content=\"2025-04-28T14:46:06+00:00\" \/>\n<meta property=\"og:image\" content=\"https:\/\/lesamisbelges.be\/wp-content\/uploads\/2025\/01\/arrow-down.svg\" \/>\n<meta name=\"twitter:card\" content=\"summary_large_image\" \/>\n<script type=\"application\/ld+json\" class=\"yoast-schema-graph\">{\"@context\":\"https:\/\/schema.org\",\"@graph\":[{\"@type\":\"WebPage\",\"@id\":\"https:\/\/lesamisbelges.be\/fr\/vacances-a-velo\/\",\"url\":\"https:\/\/lesamisbelges.be\/fr\/vacances-a-velo\/\",\"name\":\"Vacances \u00e0 v\u00e9lo - Les Amis Belges\",\"isPartOf\":{\"@id\":\"https:\/\/lesamisbelges.be\/fr\/#website\"},\"primaryImageOfPage\":{\"@id\":\"https:\/\/lesamisbelges.be\/fr\/vacances-a-velo\/#primaryimage\"},\"image\":{\"@id\":\"https:\/\/lesamisbelges.be\/fr\/vacances-a-velo\/#primaryimage\"},\"thumbnailUrl\":\"https:\/\/lesamisbelges.be\/wp-content\/uploads\/2025\/01\/arrow-down.svg\",\"datePublished\":\"2025-01-27T11:51:06+00:00\",\"dateModified\":\"2025-04-28T14:46:06+00:00\",\"breadcrumb\":{\"@id\":\"https:\/\/lesamisbelges.be\/fr\/vacances-a-velo\/#breadcrumb\"},\"inLanguage\":\"fr-FR\",\"potentialAction\":[{\"@type\":\"ReadAction\",\"target\":[\"https:\/\/lesamisbelges.be\/fr\/vacances-a-velo\/\"]}]},{\"@type\":\"ImageObject\",\"inLanguage\":\"fr-FR\",\"@id\":\"https:\/\/lesamisbelges.be\/fr\/vacances-a-velo\/#primaryimage\",\"url\":\"https:\/\/lesamisbelges.be\/wp-content\/uploads\/2025\/01\/arrow-down.svg\",\"contentUrl\":\"https:\/\/lesamisbelges.be\/wp-content\/uploads\/2025\/01\/arrow-down.svg\"},{\"@type\":\"BreadcrumbList\",\"@id\":\"https:\/\/lesamisbelges.be\/fr\/vacances-a-velo\/#breadcrumb\",\"itemListElement\":[{\"@type\":\"ListItem\",\"position\":1,\"name\":\"Home\",\"item\":\"https:\/\/lesamisbelges.be\/fr\/\"},{\"@type\":\"ListItem\",\"position\":2,\"name\":\"Vacances \u00e0 v\u00e9lo\"}]},{\"@type\":\"WebSite\",\"@id\":\"https:\/\/lesamisbelges.be\/fr\/#website\",\"url\":\"https:\/\/lesamisbelges.be\/fr\/\",\"name\":\"Les Amis Belges\",\"description\":\"\",\"publisher\":{\"@id\":\"https:\/\/lesamisbelges.be\/fr\/#organization\"},\"potentialAction\":[{\"@type\":\"SearchAction\",\"target\":{\"@type\":\"EntryPoint\",\"urlTemplate\":\"https:\/\/lesamisbelges.be\/fr\/?s={search_term_string}\"},\"query-input\":{\"@type\":\"PropertyValueSpecification\",\"valueRequired\":true,\"valueName\":\"search_term_string\"}}],\"inLanguage\":\"fr-FR\"},{\"@type\":\"Organization\",\"@id\":\"https:\/\/lesamisbelges.be\/fr\/#organization\",\"name\":\"Les Amis Belges\",\"url\":\"https:\/\/lesamisbelges.be\/fr\/\",\"logo\":{\"@type\":\"ImageObject\",\"inLanguage\":\"fr-FR\",\"@id\":\"https:\/\/lesamisbelges.be\/fr\/#\/schema\/logo\/image\/\",\"url\":\"https:\/\/lesamisbelges.be\/wp-content\/uploads\/2025\/01\/logo-les-amis-belges@4x.png\",\"contentUrl\":\"https:\/\/lesamisbelges.be\/wp-content\/uploads\/2025\/01\/logo-les-amis-belges@4x.png\",\"width\":2664,\"height\":702,\"caption\":\"Les Amis Belges\"},\"image\":{\"@id\":\"https:\/\/lesamisbelges.be\/fr\/#\/schema\/logo\/image\/\"},\"sameAs\":[\"https:\/\/www.facebook.com\/profile.php?id=100053483180271#\",\"https:\/\/www.instagram.com\/lesamisbelges_\"]}]}<\/script>\n<!-- \/ Yoast SEO plugin. -->","yoast_head_json":{"title":"Vacances \u00e0 v\u00e9lo - Les Amis Belges","robots":{"index":"index","follow":"follow","max-snippet":"max-snippet:-1","max-image-preview":"max-image-preview:large","max-video-preview":"max-video-preview:-1"},"canonical":"https:\/\/lesamisbelges.be\/fr\/vacances-a-velo\/","og_locale":"fr_FR","og_type":"article","og_title":"Vacances \u00e0 v\u00e9lo - Les Amis Belges","og_description":"Rejoignez-nous pourdes vacances \u00e0 v\u00e9lo Que vous vous entra\u00eeniez pour un grand d\u00e9fi ou que vous profitiez simplement du paysage, ici vous p\u00e9dalez \u00e0 votre rythme, sous le soleil du sud. D\u00e9couvrez les plus beaux sites de Provence au d\u00e9part de Vinsobres, point de d\u00e9part id\u00e9ale pour des vacances \u00e0 v\u00e9lo inoubliables. 4 Jours Tour [&hellip;]","og_url":"https:\/\/lesamisbelges.be\/fr\/vacances-a-velo\/","og_site_name":"Les Amis Belges","article_publisher":"https:\/\/www.facebook.com\/profile.php?id=100053483180271#","article_modified_time":"2025-04-28T14:46:06+00:00","og_image":[{"url":"https:\/\/lesamisbelges.be\/wp-content\/uploads\/2025\/01\/arrow-down.svg","type":"","width":"","height":""}],"twitter_card":"summary_large_image","schema":{"@context":"https:\/\/schema.org","@graph":[{"@type":"WebPage","@id":"https:\/\/lesamisbelges.be\/fr\/vacances-a-velo\/","url":"https:\/\/lesamisbelges.be\/fr\/vacances-a-velo\/","name":"Vacances \u00e0 v\u00e9lo - Les Amis Belges","isPartOf":{"@id":"https:\/\/lesamisbelges.be\/fr\/#website"},"primaryImageOfPage":{"@id":"https:\/\/lesamisbelges.be\/fr\/vacances-a-velo\/#primaryimage"},"image":{"@id":"https:\/\/lesamisbelges.be\/fr\/vacances-a-velo\/#primaryimage"},"thumbnailUrl":"https:\/\/lesamisbelges.be\/wp-content\/uploads\/2025\/01\/arrow-down.svg","datePublished":"2025-01-27T11:51:06+00:00","dateModified":"2025-04-28T14:46:06+00:00","breadcrumb":{"@id":"https:\/\/lesamisbelges.be\/fr\/vacances-a-velo\/#breadcrumb"},"inLanguage":"fr-FR","potentialAction":[{"@type":"ReadAction","target":["https:\/\/lesamisbelges.be\/fr\/vacances-a-velo\/"]}]},{"@type":"ImageObject","inLanguage":"fr-FR","@id":"https:\/\/lesamisbelges.be\/fr\/vacances-a-velo\/#primaryimage","url":"https:\/\/lesamisbelges.be\/wp-content\/uploads\/2025\/01\/arrow-down.svg","contentUrl":"https:\/\/lesamisbelges.be\/wp-content\/uploads\/2025\/01\/arrow-down.svg"},{"@type":"BreadcrumbList","@id":"https:\/\/lesamisbelges.be\/fr\/vacances-a-velo\/#breadcrumb","itemListElement":[{"@type":"ListItem","position":1,"name":"Home","item":"https:\/\/lesamisbelges.be\/fr\/"},{"@type":"ListItem","position":2,"name":"Vacances \u00e0 v\u00e9lo"}]},{"@type":"WebSite","@id":"https:\/\/lesamisbelges.be\/fr\/#website","url":"https:\/\/lesamisbelges.be\/fr\/","name":"Les Amis Belges","description":"","publisher":{"@id":"https:\/\/lesamisbelges.be\/fr\/#organization"},"potentialAction":[{"@type":"SearchAction","target":{"@type":"EntryPoint","urlTemplate":"https:\/\/lesamisbelges.be\/fr\/?s={search_term_string}"},"query-input":{"@type":"PropertyValueSpecification","valueRequired":true,"valueName":"search_term_string"}}],"inLanguage":"fr-FR"},{"@type":"Organization","@id":"https:\/\/lesamisbelges.be\/fr\/#organization","name":"Les Amis Belges","url":"https:\/\/lesamisbelges.be\/fr\/","logo":{"@type":"ImageObject","inLanguage":"fr-FR","@id":"https:\/\/lesamisbelges.be\/fr\/#\/schema\/logo\/image\/","url":"https:\/\/lesamisbelges.be\/wp-content\/uploads\/2025\/01\/logo-les-amis-belges@4x.png","contentUrl":"https:\/\/lesamisbelges.be\/wp-content\/uploads\/2025\/01\/logo-les-amis-belges@4x.png","width":2664,"height":702,"caption":"Les Amis Belges"},"image":{"@id":"https:\/\/lesamisbelges.be\/fr\/#\/schema\/logo\/image\/"},"sameAs":["https:\/\/www.facebook.com\/profile.php?id=100053483180271#","https:\/\/www.instagram.com\/lesamisbelges_"]}]}},"_links":{"self":[{"href":"https:\/\/lesamisbelges.be\/fr\/wp-json\/wp\/v2\/pages\/1607","targetHints":{"allow":["GET"]}}],"collection":[{"href":"https:\/\/lesamisbelges.be\/fr\/wp-json\/wp\/v2\/pages"}],"about":[{"href":"https:\/\/lesamisbelges.be\/fr\/wp-json\/wp\/v2\/types\/page"}],"author":[{"embeddable":true,"href":"https:\/\/lesamisbelges.be\/fr\/wp-json\/wp\/v2\/users\/1"}],"replies":[{"embeddable":true,"href":"https:\/\/lesamisbelges.be\/fr\/wp-json\/wp\/v2\/comments?post=1607"}],"version-history":[{"count":3,"href":"https:\/\/lesamisbelges.be\/fr\/wp-json\/wp\/v2\/pages\/1607\/revisions"}],"predecessor-version":[{"id":1710,"href":"https:\/\/lesamisbelges.be\/fr\/wp-json\/wp\/v2\/pages\/1607\/revisions\/1710"}],"wp:attachment":[{"href":"https:\/\/lesamisbelges.be\/fr\/wp-json\/wp\/v2\/media?parent=1607"}],"curies":[{"name":"wp","href":"https:\/\/api.w.org\/{rel}","templated":true}]}}